{"id":52,"date":"2024-11-04T13:16:57","date_gmt":"2024-11-04T12:16:57","guid":{"rendered":"https:\/\/ffc-herault.com\/?page_id=52"},"modified":"2025-12-14T22:28:12","modified_gmt":"2025-12-14T21:28:12","slug":"trophee-heraultais-cyclocross-2025","status":"publish","type":"page","link":"https:\/\/ffc-herault.com\/index.php\/trophee-heraultais-cyclocross-2025\/","title":{"rendered":"Troph\u00e9e H\u00e9raultais Cyclocross 2025"},"content":{"rendered":"\n<h2 class=\"wp-block-heading has-text-align-center\"><strong>Classement Final Troph\u00e9e <\/strong><\/h2>\n\n\n\n<div data-wp-interactive=\"core\/file\" class=\"wp-block-file\"><object data-wp-bind--hidden=\"!state.hasPdfPreview\" hidden class=\"wp-block-file__embed\" data=\"https:\/\/ffc-herault.com\/wp-content\/uploads\/2025\/12\/3-Clas.-Trophee-Herault-4.pdf\" type=\"application\/pdf\" style=\"width:100%;height:600px\" aria-label=\"Contenu embarqu\u00e9 3- Clas. Trophee Herault (4).\"><\/object><a id=\"wp-block-file--media-1959e6aa-553a-40ac-98b3-b03386503998\" href=\"https:\/\/ffc-herault.com\/wp-content\/uploads\/2025\/12\/3-Clas.-Trophee-Herault-4.pdf\">3- Clas. Trophee Herault (4)<\/a><a href=\"https:\/\/ffc-herault.com\/wp-content\/uploads\/2025\/12\/3-Clas.-Trophee-Herault-4.pdf\" class=\"wp-block-file__button wp-element-button\" download aria-describedby=\"wp-block-file--media-1959e6aa-553a-40ac-98b3-b03386503998\">T\u00e9l\u00e9charger<\/a><\/div>\n\n\n\n<p class=\"has-text-align-center\"><strong>Classement 1 \u00e9re \u00e9tapes GIGNAC LPAVH Team Montagnac<\/strong><\/p>\n\n\n\n<div data-wp-interactive=\"core\/file\" class=\"wp-block-file\"><object data-wp-bind--hidden=\"!state.hasPdfPreview\" hidden class=\"wp-block-file__embed\" data=\"https:\/\/ffc-herault.com\/wp-content\/uploads\/2025\/11\/1-Classement-general-2.pdf\" type=\"application\/pdf\" style=\"width:100%;height:600px\" aria-label=\"Contenu embarqu\u00e9 1- Classement general (2).\"><\/object><a id=\"wp-block-file--media-62560e8f-456e-44bb-aba6-9abeafe55e08\" href=\"https:\/\/ffc-herault.com\/wp-content\/uploads\/2025\/11\/1-Classement-general-2.pdf\">1- Classement general (2)<\/a><a href=\"https:\/\/ffc-herault.com\/wp-content\/uploads\/2025\/11\/1-Classement-general-2.pdf\" class=\"wp-block-file__button wp-element-button\" download aria-describedby=\"wp-block-file--media-62560e8f-456e-44bb-aba6-9abeafe55e08\">T\u00e9l\u00e9charger<\/a><\/div>\n\n\n\n<p><\/p>\n\n\n\n<p><\/p>\n\n\n\n<div class=\"wp-block-buttons is-content-justification-center is-layout-flex wp-container-core-buttons-is-layout-16018d1d wp-block-buttons-is-layout-flex\">\n<div class=\"wp-block-button\"><a class=\"wp-block-button__link wp-element-button\">REGLEMENT 2025<\/a><\/div>\n<\/div>\n\n\n\n<div data-wp-interactive=\"core\/file\" class=\"wp-block-file\"><object data-wp-bind--hidden=\"!state.hasPdfPreview\" hidden class=\"wp-block-file__embed\" data=\"https:\/\/ffc-herault.com\/wp-content\/uploads\/2025\/11\/Reglement-Trophee-2025.pdf\" type=\"application\/pdf\" style=\"width:100%;height:600px\" aria-label=\"Contenu embarqu\u00e9 Reglement Trophee   2025.\"><\/object><a id=\"wp-block-file--media-c19d12a5-bef1-4254-908e-bd2067a55d3f\" href=\"https:\/\/ffc-herault.com\/wp-content\/uploads\/2025\/11\/Reglement-Trophee-2025.pdf\">Reglement Trophee   2025<\/a><a href=\"https:\/\/ffc-herault.com\/wp-content\/uploads\/2025\/11\/Reglement-Trophee-2025.pdf\" class=\"wp-block-file__button wp-element-button\" download aria-describedby=\"wp-block-file--media-c19d12a5-bef1-4254-908e-bd2067a55d3f\">T\u00e9l\u00e9charger<\/a><\/div>\n","protected":false},"excerpt":{"rendered":"<p>Classement Final Troph\u00e9e Classement 1 \u00e9re \u00e9tapes GIGNAC LPAVH Team Montagnac<\/p>\n","protected":false},"author":1,"featured_media":0,"parent":0,"menu_order":0,"comment_status":"closed","ping_status":"closed","template":"","meta":{"footnotes":""},"class_list":["post-52","page","type-page","status-publish","hentry"],"_links":{"self":[{"href":"https:\/\/ffc-herault.com\/index.php\/wp-json\/wp\/v2\/pages\/52","targetHints":{"allow":["GET"]}}],"collection":[{"href":"https:\/\/ffc-herault.com\/index.php\/wp-json\/wp\/v2\/pages"}],"about":[{"href":"https:\/\/ffc-herault.com\/index.php\/wp-json\/wp\/v2\/types\/page"}],"author":[{"embeddable":true,"href":"https:\/\/ffc-herault.com\/index.php\/wp-json\/wp\/v2\/users\/1"}],"replies":[{"embeddable":true,"href":"https:\/\/ffc-herault.com\/index.php\/wp-json\/wp\/v2\/comments?post=52"}],"version-history":[{"count":17,"href":"https:\/\/ffc-herault.com\/index.php\/wp-json\/wp\/v2\/pages\/52\/revisions"}],"predecessor-version":[{"id":166,"href":"https:\/\/ffc-herault.com\/index.php\/wp-json\/wp\/v2\/pages\/52\/revisions\/166"}],"wp:attachment":[{"href":"https:\/\/ffc-herault.com\/index.php\/wp-json\/wp\/v2\/media?parent=52"}],"curies":[{"name":"wp","href":"https:\/\/api.w.org\/{rel}","templated":true}]}}