{"id":126,"date":"2025-04-07T18:13:41","date_gmt":"2025-04-07T16:13:41","guid":{"rendered":"https:\/\/ffc-herault.com\/?page_id=126"},"modified":"2026-05-11T19:22:37","modified_gmt":"2026-05-11T17:22:37","slug":"trophee-ecole-de-velo-2025","status":"publish","type":"page","link":"https:\/\/ffc-herault.com\/","title":{"rendered":"Troph\u00e9e Ecole de V\u00e9lo 2026"},"content":{"rendered":"\n<p>5-avril Prades Le Lez \/ Mousquetaires Cyclistes Prad\u00e9ens \/ r\u00e9gularit\u00e9 et sprint<\/p>\n\n\n\n<p>19-Avril Caux \/ V.C.C.B. \/ Sprint et r\u00e9gularit\u00e9<\/p>\n\n\n\n<p>16-mai B\u00e9ziers \/ V.C.C.B. \/ Sprint et r\u00e9gularit\u00e9<\/p>\n\n\n\n<div data-wp-interactive=\"core\/file\" class=\"wp-block-file\"><object data-wp-bind--hidden=\"!state.hasPdfPreview\" hidden class=\"wp-block-file__embed\" data=\"https:\/\/ffc-herault.com\/wp-content\/uploads\/2026\/05\/3-Classement-Trophee-5.pdf\" type=\"application\/pdf\" style=\"width:100%;height:600px\" aria-label=\"Contenu embarqu\u00e9 3- Classement Trophee (5).\"><\/object><a id=\"wp-block-file--media-5812475b-61cf-421e-ad11-eb2cfa13bf10\" href=\"https:\/\/ffc-herault.com\/wp-content\/uploads\/2026\/05\/3-Classement-Trophee-5.pdf\">3- Classement Trophee (5)<\/a><a href=\"https:\/\/ffc-herault.com\/wp-content\/uploads\/2026\/05\/3-Classement-Trophee-5.pdf\" class=\"wp-block-file__button wp-element-button\" download aria-describedby=\"wp-block-file--media-5812475b-61cf-421e-ad11-eb2cfa13bf10\">T\u00e9l\u00e9charger<\/a><\/div>\n\n\n\n<div data-wp-interactive=\"core\/file\" class=\"wp-block-file\"><object data-wp-bind--hidden=\"!state.hasPdfPreview\" hidden class=\"wp-block-file__embed\" data=\"https:\/\/ffc-herault.com\/wp-content\/uploads\/2026\/04\/reglement-2026.pdf\" type=\"application\/pdf\" style=\"width:100%;height:600px\" aria-label=\"Contenu embarqu\u00e9 R\u00e9glement 2026.\"><\/object><a id=\"wp-block-file--media-6d81e972-cb2a-4292-ba74-2a5743b5902d\" href=\"https:\/\/ffc-herault.com\/wp-content\/uploads\/2026\/04\/reglement-2026.pdf\">R\u00e9glement 2026<\/a><a href=\"https:\/\/ffc-herault.com\/wp-content\/uploads\/2026\/04\/reglement-2026.pdf\" class=\"wp-block-file__button wp-element-button\" download aria-describedby=\"wp-block-file--media-6d81e972-cb2a-4292-ba74-2a5743b5902d\">Download<\/a><\/div>\n\n\n\n<p><\/p>\n","protected":false},"excerpt":{"rendered":"<p>5-avril Prades Le Lez \/ Mousquetaires Cyclistes Prad\u00e9ens \/ r\u00e9gularit\u00e9 et sprint 19-Avril Caux \/ V.C.C.B. \/ Sprint et r\u00e9gularit\u00e9 16-mai B\u00e9ziers \/ V.C.C.B. \/ Sprint et r\u00e9gularit\u00e9<\/p>\n","protected":false},"author":1,"featured_media":0,"parent":0,"menu_order":0,"comment_status":"closed","ping_status":"closed","template":"","meta":{"footnotes":""},"class_list":["post-126","page","type-page","status-publish","hentry"],"_links":{"self":[{"href":"https:\/\/ffc-herault.com\/index.php\/wp-json\/wp\/v2\/pages\/126","targetHints":{"allow":["GET"]}}],"collection":[{"href":"https:\/\/ffc-herault.com\/index.php\/wp-json\/wp\/v2\/pages"}],"about":[{"href":"https:\/\/ffc-herault.com\/index.php\/wp-json\/wp\/v2\/types\/page"}],"author":[{"embeddable":true,"href":"https:\/\/ffc-herault.com\/index.php\/wp-json\/wp\/v2\/users\/1"}],"replies":[{"embeddable":true,"href":"https:\/\/ffc-herault.com\/index.php\/wp-json\/wp\/v2\/comments?post=126"}],"version-history":[{"count":8,"href":"https:\/\/ffc-herault.com\/index.php\/wp-json\/wp\/v2\/pages\/126\/revisions"}],"predecessor-version":[{"id":209,"href":"https:\/\/ffc-herault.com\/index.php\/wp-json\/wp\/v2\/pages\/126\/revisions\/209"}],"wp:attachment":[{"href":"https:\/\/ffc-herault.com\/index.php\/wp-json\/wp\/v2\/media?parent=126"}],"curies":[{"name":"wp","href":"https:\/\/api.w.org\/{rel}","templated":true}]}}